{"id":201,"date":"2023-12-10T10:34:11","date_gmt":"2023-12-10T09:34:11","guid":{"rendered":"https:\/\/nexusshadows.wordpress.com\/?page_id=201"},"modified":"2024-02-28T23:14:39","modified_gmt":"2024-02-28T22:14:39","slug":"methode-de-travail","status":"publish","type":"page","link":"https:\/\/make-this.fr\/?page_id=201","title":{"rendered":"M\u00e9thode de travail"},"content":{"rendered":"\n<figure class=\"wp-block-image alignwide size-large has-custom-border wp-duotone-unset-1\"><img loading=\"lazy\" decoding=\"async\" width=\"1024\" height=\"256\" src=\"https:\/\/make-this.fr\/wp-content\/uploads\/2024\/02\/Strategie-marketing--1024x256.png\" alt=\"\" class=\"has-border-color has-background-border-color wp-image-733\" srcset=\"https:\/\/make-this.fr\/wp-content\/uploads\/2024\/02\/Strategie-marketing--1024x256.png 1024w, https:\/\/make-this.fr\/wp-content\/uploads\/2024\/02\/Strategie-marketing--300x75.png 300w, https:\/\/make-this.fr\/wp-content\/uploads\/2024\/02\/Strategie-marketing--768x192.png 768w, https:\/\/make-this.fr\/wp-content\/uploads\/2024\/02\/Strategie-marketing--1536x384.png 1536w, https:\/\/make-this.fr\/wp-content\/uploads\/2024\/02\/Strategie-marketing--2048x512.png 2048w\" sizes=\"auto, (max-width: 1024px) 100vw, 1024px\" \/><\/figure>\n\n\n\n<p class=\"has-text-align-center\">\ud83d\udc49 D\u00e9couvrez comment optimiser vos strat\u00e9gies pour obtenir des r\u00e9sultats remarquables :<\/p>\n\n\n\n<p class=\"has-text-align-center\">\u2705 D\u00e9finir une ligne \u00e9ditoriale claire est essentiel pour guider vos efforts. Une fois \u00e9tablie, tirez parti de contenus r\u00e9guliers pour attirer l&rsquo;attention de votre public cible. <\/p>\n\n\n\n<p class=\"has-text-align-center\">\u2705 Explorez les avantages des outils disponibles pour \u00e9largir votre audience et maximiser votre impact en ligne.<\/p>\n\n\n\n<div style=\"height:21px\" aria-hidden=\"true\" class=\"wp-block-spacer\"><\/div>\n\n\n\n<figure class=\"wp-block-image alignwide size-large has-custom-border\"><img loading=\"lazy\" decoding=\"async\" width=\"1024\" height=\"576\" src=\"https:\/\/make-this.fr\/wp-content\/uploads\/2024\/02\/Referenssement--1024x576.png\" alt=\"\" class=\"has-border-color has-background-border-color wp-image-732\" srcset=\"https:\/\/make-this.fr\/wp-content\/uploads\/2024\/02\/Referenssement--1024x576.png 1024w, https:\/\/make-this.fr\/wp-content\/uploads\/2024\/02\/Referenssement--300x169.png 300w, https:\/\/make-this.fr\/wp-content\/uploads\/2024\/02\/Referenssement--768x432.png 768w, https:\/\/make-this.fr\/wp-content\/uploads\/2024\/02\/Referenssement--1536x864.png 1536w, https:\/\/make-this.fr\/wp-content\/uploads\/2024\/02\/Referenssement--2048x1152.png 2048w\" sizes=\"auto, (max-width: 1024px) 100vw, 1024px\" \/><\/figure>\n\n\n\n<div style=\"height:20px\" aria-hidden=\"true\" class=\"wp-block-spacer\"><\/div>\n\n\n\n<h4 class=\"wp-block-heading has-text-align-center\">R\u00e9f\u00e9rencement Naturel :&nbsp;<\/h4>\n\n\n\n<p>Ceci en vue de r\u00e9pondre le mieux possible aux attentes des r\u00e9seaux et des internautes cibles.&nbsp;<\/p>\n\n\n\n<p>L\u2019enjeu du r\u00e9f\u00e9rencement naturel est de g\u00e9n\u00e9rer du trafic qualifi\u00e9 et in fine convertir les internautes pour d\u00e9velopper le Chiffre d\u2019affaires (g\u00e9n\u00e9ration de prospect).&nbsp;<\/p>\n\n\n\n<p>\ud83c\udf1f D\u00e9couvrez les avantages du r\u00e9f\u00e9rencement naturel pour propulser votre visibilit\u00e9 en ligne ! \ud83c\udf1f<\/p>\n\n\n\n<p>Vous cherchez \u00e0 augmenter votre pr\u00e9sence sur le web et \u00e0 attirer plus de clients potentiels ? Le r\u00e9f\u00e9rencement naturel est la cl\u00e9 pour atteindre cet objectif ! Voici pourquoi :<\/p>\n\n\n\n<p class=\"has-text-align-center\">1\ufe0f\u20e3 <strong>Visibilit\u00e9 accrue :<\/strong> <\/p>\n\n\n\n<p class=\"has-text-align-center\">Augmentez votre pr\u00e9sence en ligne en apparaissant en t\u00eate des r\u00e9sultats de recherche, attirant ainsi plus de clients potentiels int\u00e9ress\u00e9s par vos produits ou services.<\/p>\n\n\n\n<div style=\"height:10px\" aria-hidden=\"true\" class=\"wp-block-spacer\"><\/div>\n\n\n\n<p class=\"has-text-align-center\">2\ufe0f\u20e3 <strong>Trafic qualifi\u00e9 :<\/strong> <\/p>\n\n\n\n<p class=\"has-text-align-center\">Attirez un trafic hautement qualifi\u00e9 gr\u00e2ce \u00e0 une meilleure visibilit\u00e9 dans les r\u00e9sultats de recherche, ce qui augmente vos chances de conversion et de g\u00e9n\u00e9ration de prospects.<\/p>\n\n\n\n<div style=\"height:10px\" aria-hidden=\"true\" class=\"wp-block-spacer\"><\/div>\n\n\n\n<p class=\"has-text-align-center\">3\ufe0f\u20e3 <strong>Credibilit\u00e9 et confiance :<\/strong> <\/p>\n\n\n\n<p class=\"has-text-align-center\">Renforcez la cr\u00e9dibilit\u00e9 de votre entreprise en \u00e9tant bien positionn\u00e9 dans les r\u00e9sultats de recherche, inspirant ainsi confiance aux utilisateurs et les incitant \u00e0 choisir votre site.<\/p>\n\n\n\n<div style=\"height:10px\" aria-hidden=\"true\" class=\"wp-block-spacer\"><\/div>\n\n\n\n<p class=\"has-text-align-center\">4\ufe0f\u20e3 <strong>Rentabilit\u00e9 \u00e0 long terme :<\/strong> <\/p>\n\n\n\n<p class=\"has-text-align-center\">Profitez d&rsquo;un flux constant de visiteurs sans avoir \u00e0 d\u00e9penser continuellement pour des annonces payantes, ce qui vous assure un retour sur investissement \u00e0 long terme.<\/p>\n\n\n\n<div style=\"height:10px\" aria-hidden=\"true\" class=\"wp-block-spacer\"><\/div>\n\n\n\n<p class=\"has-text-align-center\">5\ufe0f\u20e3 <strong>Meilleur retour sur investissement (ROI) :<\/strong><\/p>\n\n\n\n<p class=\"has-text-align-center\"> Le r\u00e9f\u00e9rencement naturel offre l&rsquo;un des meilleurs retours sur investissement \u00e0 long terme parmi les strat\u00e9gies de marketing en ligne, vous permettant de r\u00e9colter les fruits de votre travail sur le long terme.<\/p>\n\n\n\n<div style=\"height:10px\" aria-hidden=\"true\" class=\"wp-block-spacer\"><\/div>\n\n\n\n<p>\ud83d\ude80 Ne laissez pas passer l&rsquo;opportunit\u00e9 d&rsquo;am\u00e9liorer votre pr\u00e9sence en ligne et de booster votre activit\u00e9 !<\/p>\n\n\n\n<div style=\"height:50px\" aria-hidden=\"true\" class=\"wp-block-spacer\"><\/div>\n\n\n\n<h4 class=\"wp-block-heading has-text-align-center\">R\u00e9f\u00e9rencement Sponsoris\u00e9 :<\/h4>\n\n\n\n<figure class=\"wp-block-image aligncenter size-large is-resized has-custom-border\"><img loading=\"lazy\" decoding=\"async\" width=\"1024\" height=\"256\" src=\"https:\/\/make-this.fr\/wp-content\/uploads\/2024\/02\/les-publicites-1024x256.png\" alt=\"\" class=\"has-border-color has-background-border-color wp-image-734\" style=\"width:1058px;height:auto\" srcset=\"https:\/\/make-this.fr\/wp-content\/uploads\/2024\/02\/les-publicites-1024x256.png 1024w, https:\/\/make-this.fr\/wp-content\/uploads\/2024\/02\/les-publicites-300x75.png 300w, https:\/\/make-this.fr\/wp-content\/uploads\/2024\/02\/les-publicites-768x192.png 768w, https:\/\/make-this.fr\/wp-content\/uploads\/2024\/02\/les-publicites-1536x384.png 1536w, https:\/\/make-this.fr\/wp-content\/uploads\/2024\/02\/les-publicites-2048x512.png 2048w\" sizes=\"auto, (max-width: 1024px) 100vw, 1024px\" \/><\/figure>\n\n\n\n<div style=\"height:20px\" aria-hidden=\"true\" class=\"wp-block-spacer\"><\/div>\n\n\n\n<h5 class=\"wp-block-heading has-text-align-center\"><strong>Facebook et Instagram ADS :<\/strong><\/h5>\n\n\n\n<div class=\"wp-block-group has-global-padding is-layout-constrained wp-block-group-is-layout-constrained\">\n<div class=\"wp-block-columns is-layout-flex wp-container-core-columns-is-layout-1 wp-block-columns-is-layout-flex\">\n<div class=\"wp-block-column is-layout-flow wp-block-column-is-layout-flow\" style=\"flex-basis:100%\"><\/div>\n<\/div>\n<\/div>\n\n\n\n<p class=\"has-text-align-center\">\ud83d\udce2 D\u00e9couvrez comment les publicit\u00e9s sur <strong>Facebook<\/strong> et <strong>Instagram<\/strong> peuvent propulser votre entreprise vers de <em>nouveaux sommets<\/em> ! \ud83d\ude80<\/p>\n\n\n\n<p class=\"has-text-align-center\">\ud83d\udca1 Imaginez : Vous avez un produit ou service exceptionnel, mais <em>comment atteindre votre public cible de mani\u00e8re efficace ?<\/em> Avec les publicit\u00e9s sur Facebook et Instagram, la <strong>r\u00e9ponse<\/strong> est <strong>simple<\/strong> !<\/p>\n\n\n\n<p class=\"has-text-align-center\">\ud83c\udfaf Les publicit\u00e9s sur Facebook et Instagram vous offrent une plateforme puissante pour toucher votre <strong>audience id\u00e9ale<\/strong>. Gr\u00e2ce \u00e0 des options de ciblage avanc\u00e9es, vous pouvez atteindre les personnes les plus susceptibles d&rsquo;\u00eatre <em>int\u00e9ress\u00e9es<\/em> par ce que vous <em>proposez<\/em>.<\/p>\n\n\n\n<p class=\"has-text-align-center\">\ud83d\udcc8 <strong>Augmentez votre visibilit\u00e9<\/strong>, g\u00e9n\u00e9rez des prospects qualifi\u00e9s et d\u00e9veloppez votre activit\u00e9 avec des publicit\u00e9s percutantes sur Facebook et Instagram. Notre \u00e9quipe d&rsquo;experts en marketing digital vous guide \u00e0 chaque \u00e9tape pour cr\u00e9er des annonces qui captivent votre audience et <strong>stimulent l&rsquo;engagement<\/strong>.<\/p>\n\n\n\n<p class=\"has-text-align-center\">\ud83d\udd25 Ne manquez pas cette opportunit\u00e9 de faire passer votre entreprise au niveau sup\u00e9rieur ! Contactez-nous d\u00e8s aujourd&rsquo;hui pour commencer \u00e0 transformer vos id\u00e9es en r\u00e9sultats tangibles.<\/p>\n\n\n\n<div style=\"height:20px\" aria-hidden=\"true\" class=\"wp-block-spacer\"><\/div>\n","protected":false},"excerpt":{"rendered":"<p>\ud83d\udc49 D\u00e9couvrez comment optimiser vos strat\u00e9gies pour obtenir des r\u00e9sultats remarquables : \u2705 D\u00e9finir une ligne \u00e9ditoriale claire est essentiel pour guider vos efforts. Une fois \u00e9tablie, tirez parti de contenus r\u00e9guliers pour attirer l&rsquo;attention de votre public cible. \u2705 Explorez les avantages des outils disponibles pour \u00e9largir votre audience et maximiser votre impact en [&hellip;]<\/p>\n","protected":false},"author":1,"featured_media":0,"parent":0,"menu_order":0,"comment_status":"closed","ping_status":"closed","template":"","meta":{"content-type":"","om_disable_all_campaigns":false,"_monsterinsights_skip_tracking":false,"_monsterinsights_sitenote_active":false,"_monsterinsights_sitenote_note":"","_monsterinsights_sitenote_category":0,"footnotes":""},"class_list":["post-201","page","type-page","status-publish","hentry"],"aioseo_notices":[],"_links":{"self":[{"href":"https:\/\/make-this.fr\/index.php?rest_route=\/wp\/v2\/pages\/201","targetHints":{"allow":["GET"]}}],"collection":[{"href":"https:\/\/make-this.fr\/index.php?rest_route=\/wp\/v2\/pages"}],"about":[{"href":"https:\/\/make-this.fr\/index.php?rest_route=\/wp\/v2\/types\/page"}],"author":[{"embeddable":true,"href":"https:\/\/make-this.fr\/index.php?rest_route=\/wp\/v2\/users\/1"}],"replies":[{"embeddable":true,"href":"https:\/\/make-this.fr\/index.php?rest_route=%2Fwp%2Fv2%2Fcomments&post=201"}],"version-history":[{"count":10,"href":"https:\/\/make-this.fr\/index.php?rest_route=\/wp\/v2\/pages\/201\/revisions"}],"predecessor-version":[{"id":740,"href":"https:\/\/make-this.fr\/index.php?rest_route=\/wp\/v2\/pages\/201\/revisions\/740"}],"wp:attachment":[{"href":"https:\/\/make-this.fr\/index.php?rest_route=%2Fwp%2Fv2%2Fmedia&parent=201"}],"curies":[{"name":"wp","href":"https:\/\/api.w.org\/{rel}","templated":true}]}}