{"id":361,"date":"2023-12-09T22:42:22","date_gmt":"2023-12-09T21:42:22","guid":{"rendered":"https:\/\/make-this.fr\/?page_id=361"},"modified":"2023-12-10T12:07:11","modified_gmt":"2023-12-10T11:07:11","slug":"formation-meta-business-suite","status":"publish","type":"page","link":"https:\/\/make-this.fr\/?page_id=361","title":{"rendered":"FORMATION Meta Business Suite"},"content":{"rendered":"\n<div style=\"height:20px\" aria-hidden=\"true\" class=\"wp-block-spacer\"><\/div>\n\n\n\n<p>\ud83d\ude80 <strong>Boostez votre pr\u00e9sence sur les r\u00e9seaux sociaux avec la Meta Business Suite !<\/strong> \ud83d\ude80<br><br>\u00cates-vous pr\u00eat \u00e0 transformer vos comptes Facebook et Instagram en outils puissants afin de propulser votre activit\u00e9 ? Notre formation GRATUITE sur la \u00ab\u00a0Meta Business Suite\u00a0\u00bb est con\u00e7ue sp\u00e9cialement pour vous !<\/p>\n\n\n\n<div class=\"wp-block-media-text is-stacked-on-mobile\"><figure class=\"wp-block-media-text__media\"><img loading=\"lazy\" decoding=\"async\" width=\"410\" height=\"1024\" src=\"https:\/\/make-this.fr\/wp-content\/uploads\/2023\/12\/Cream-and-Orange-Simple-Illustrated-Path-Workflow-Process-Timeline-Infographic-410x1024.png\" alt=\"\" class=\"wp-image-402 size-full\" srcset=\"https:\/\/make-this.fr\/wp-content\/uploads\/2023\/12\/Cream-and-Orange-Simple-Illustrated-Path-Workflow-Process-Timeline-Infographic-410x1024.png 410w, https:\/\/make-this.fr\/wp-content\/uploads\/2023\/12\/Cream-and-Orange-Simple-Illustrated-Path-Workflow-Process-Timeline-Infographic-120x300.png 120w, https:\/\/make-this.fr\/wp-content\/uploads\/2023\/12\/Cream-and-Orange-Simple-Illustrated-Path-Workflow-Process-Timeline-Infographic-768x1920.png 768w, https:\/\/make-this.fr\/wp-content\/uploads\/2023\/12\/Cream-and-Orange-Simple-Illustrated-Path-Workflow-Process-Timeline-Infographic-819x2048.png 819w\" sizes=\"auto, (max-width: 410px) 100vw, 410px\" \/><\/figure><div class=\"wp-block-media-text__content\">\n<p class=\"has-text-align-center has-text-color has-link-color wp-elements-cf3e0d3cf63e0471d952ebbc4736c7fe\" style=\"color:#033c9e\"><br>\ud83c\udf10 <strong>Pourquoi cette formation ?<\/strong><br><br>\u2728<em><strong> Accro\u00eetre votre productivit\u00e9 :<\/strong> <\/em>D\u00e9couvrez des astuces pour g\u00e9rer vos contenus de mani\u00e8re plus efficace, lib\u00e9rant ainsi du temps pour vous concentrer sur ce qui compte vraiment.<br><br>\ud83d\udd27<strong> <em>Ma\u00eetriser les techniques avanc\u00e9es<\/em> :<\/strong> Apprenez les secrets des professionnels pour des campagnes publicitaires percutantes, des analyses pr\u00e9cises, et une optimisation continue.<br><br>\ud83c\udfa8 <strong><em>\u00c9lever la qualit\u00e9 de vos contenus<\/em> : <\/strong>De la cr\u00e9ation \u00e0 la publication, apprenez \u00e0 produire des contenus visuels et \u00e9crits qui captivent votre audience.<br><br>\ud83c\udfaf <strong><em>Gagner en contr\u00f4le<\/em> :<\/strong> Explorez les fonctionnalit\u00e9s avanc\u00e9es pour piloter votre pr\u00e9sence en ligne avec confiance et pr\u00e9cision.<\/p>\n<\/div><\/div>\n\n\n\n<div style=\"height:20px\" aria-hidden=\"true\" class=\"wp-block-spacer\"><\/div>\n\n\n\n<div class=\"wp-block-group alignwide has-background-background-color has-background has-global-padding is-layout-constrained wp-block-group-is-layout-constrained\">\n<p class=\"has-black-color has-background-background-color has-text-color has-background has-link-color wp-elements-1bff39f6a88fb323a72e149fe1eae3ce\">\u23f0 <strong>Pourquoi maintenant ?<\/strong><br><br>Cette formation exclusive est offerte GRATUITEMENT pour une dur\u00e9e limit\u00e9e ! Ne manquez pas l&rsquo;opportunit\u00e9 de perfectionner vos comp\u00e9tences et d&rsquo;optimiser votre impact sur les r\u00e9seaux sociaux !<\/p>\n\n\n\n<div class=\"wp-block-group alignwide has-black-color has-background-background-color has-text-color has-background has-link-color wp-elements-139f8d46afd76770ec9b4fbbe5589152 has-global-padding is-layout-constrained wp-block-group-is-layout-constrained\">\n<p class=\"has-black-color has-background-background-color has-text-color has-background has-link-color wp-elements-c9b4da2232c64b9fe32bc105741beb26\">\ud83d\ude80 <strong>Comment acc\u00e9der \u00e0 la formation ?<\/strong><\/p>\n\n\n\n<p class=\"has-black-color has-background-background-color has-text-color has-background has-link-color wp-elements-2abb9235c60e7bc2d64771055f2fd3cb\"><strong>C&rsquo;est simple !<\/strong> T\u00e9l\u00e9chargez d\u00e8s maintenant notre guide complet sur la \u00ab\u00a0Meta Business Suite\u00a0\u00bb <strong>en remplissant le formulaire ci-dessous.<\/strong> Commencez votre voyage vers le succ\u00e8s sur les r\u00e9seaux sociaux <strong>d\u00e8s aujourd&rsquo;hui !<\/strong><\/p>\n\n\n\n<p class=\"has-black-color has-background-background-color has-text-color has-background has-link-color wp-elements-364cb1d789c9a1504ef95843eafc7f75\">Rejoignez des milliers de professionnels qui ont d\u00e9j\u00e0 transform\u00e9 leur pr\u00e9sence en ligne. <strong>Soyez en t\u00eate de la course digitale !<\/strong><\/p>\n\n\n\n<p class=\"has-black-color has-background-background-color has-text-color has-background has-link-color wp-elements-4cc2a1987b4c17e59c18480e48a9de36\">\ud83d\ude80 <strong>Optimisez, Ma\u00eetrisez, Distinguez-vous avec la Meta Business Suite !<\/strong><br><br><\/p>\n<\/div>\n<\/div>\n\n\n\n<div class=\"wp-block-columns is-layout-flex wp-container-core-columns-is-layout-1 wp-block-columns-is-layout-flex\">\n<div class=\"wp-block-column is-layout-flow wp-block-column-is-layout-flow\"><div class='fluentform ff-default fluentform_wrapper_6  ff_guten_block ff_guten_block-6 ffs_default_wrap'><form data-form_id=\"6\" id=\"fluentform_6\" class=\"frm-fluent-form fluent_form_6 ff-el-form-top ff_form_instance_6_1 ff-form-loading ffs_default\" data-form_instance=\"ff_form_instance_6_1\" method=\"POST\" ><fieldset  style=\"border: none!important;margin: 0!important;padding: 0!important;background-color: transparent!important;box-shadow: none!important;outline: none!important; min-inline-size: 100%;\">\n                    <legend class=\"ff_screen_reader_title\" style=\"display: block; margin: 0!important;padding: 0!important;height: 0!important;text-indent: -999999px;width: 0!important;overflow:hidden;\">Formation Meta business<\/legend><input type='hidden' name='__fluent_form_embded_post_id' value='361' \/><input type=\"hidden\" id=\"_fluentform_6_fluentformnonce\" name=\"_fluentform_6_fluentformnonce\" value=\"96b054002b\" \/><input type=\"hidden\" name=\"_wp_http_referer\" value=\"\/index.php?rest_route=%2Fwp%2Fv2%2Fpages%2F361\" \/><div data-type=\"name-element\" data-name=\"names\" class=\" ff-field_container ff-name-field-wrapper\" ><div class='ff-t-container'><div class='ff-t-cell '><div class='ff-el-group'><div class=\"ff-el-input--label ff-el-is-required asterisk-right\"><label for='ff_6_names_first_name_' id='label_ff_6_names_first_name_' >Nom<\/label><\/div><div class='ff-el-input--content'><input type=\"text\" name=\"names[first_name]\" id=\"ff_6_names_first_name_\" class=\"ff-el-form-control\" aria-invalid=\"false\" aria-required=true><\/div><\/div><\/div><div class='ff-t-cell '><div class='ff-el-group'><div class=\"ff-el-input--label asterisk-right\"><label for='ff_6_names_last_name_' id='label_ff_6_names_last_name_' >Pr\u00e9nom<\/label><\/div><div class='ff-el-input--content'><input type=\"text\" name=\"names[last_name]\" id=\"ff_6_names_last_name_\" class=\"ff-el-form-control\" aria-invalid=\"false\" aria-required=false><\/div><\/div><\/div><\/div><\/div><div class='ff-el-group'><div class=\"ff-el-input--label ff-el-is-required asterisk-right\"><label for='ff_6_email' id='label_ff_6_email' aria-label=\"Adresse e-mail\">Adresse e-mail<\/label><\/div><div class='ff-el-input--content'><input type=\"email\" name=\"email\" id=\"ff_6_email\" class=\"ff-el-form-control\" data-name=\"email\"  aria-invalid=\"false\" aria-required=true><\/div><\/div><div class='ff-el-group ff-text-center ff_submit_btn_wrapper'><button type=\"submit\" class=\"ff-btn ff-btn-submit ff-btn-md ff_btn_style\"  aria-label=\"Envoyer et t\u00e9l\u00e9charger la Formation\">Envoyer et t\u00e9l\u00e9charger la Formation <\/button><\/div><\/fieldset><\/form><div id='fluentform_6_errors' class='ff-errors-in-stack ff_form_instance_6_1 ff-form-loading_errors ff_form_instance_6_1_errors'><\/div><\/div>            <script type=\"text\/javascript\">\n                window.fluent_form_ff_form_instance_6_1 = {\"id\":\"6\",\"settings\":{\"layout\":{\"labelPlacement\":\"top\",\"helpMessagePlacement\":\"with_label\",\"errorMessagePlacement\":\"inline\",\"cssClassName\":\"\",\"asteriskPlacement\":\"asterisk-right\"},\"restrictions\":{\"denyEmptySubmission\":{\"enabled\":false}}},\"form_instance\":\"ff_form_instance_6_1\",\"form_id_selector\":\"fluentform_6\",\"rules\":{\"names[first_name]\":{\"required\":{\"value\":true,\"message\":\"Ce champ est obligatoire\",\"global\":true,\"global_message\":\"Ce champ est obligatoire\"}},\"names[middle_name]\":{\"required\":{\"value\":false,\"message\":\"Ce champ est obligatoire\",\"global\":true,\"global_message\":\"Ce champ est obligatoire\"}},\"names[last_name]\":{\"required\":{\"value\":false,\"message\":\"Ce champ est obligatoire\",\"global\":true,\"global_message\":\"Ce champ est obligatoire\"}},\"email\":{\"required\":{\"value\":true,\"message\":\"Ce champ est obligatoire\",\"global\":true,\"global_message\":\"Ce champ est obligatoire\"},\"email\":{\"value\":true,\"message\":\"Ce champ doit contenir un e-mail valide\",\"global\":true,\"global_message\":\"Ce champ doit contenir un e-mail valide\"}}},\"debounce_time\":300};\n                            <\/script>\n            <\/div>\n<\/div>\n","protected":false},"excerpt":{"rendered":"<p>\ud83d\ude80 Boostez votre pr\u00e9sence sur les r\u00e9seaux sociaux avec la Meta Business Suite ! \ud83d\ude80 \u00cates-vous pr\u00eat \u00e0 transformer vos comptes Facebook et Instagram en outils puissants afin de propulser votre activit\u00e9 ? Notre formation GRATUITE sur la \u00ab\u00a0Meta Business Suite\u00a0\u00bb est con\u00e7ue sp\u00e9cialement pour vous ! \ud83c\udf10 Pourquoi cette formation ? \u2728 Accro\u00eetre votre [&hellip;]<\/p>\n","protected":false},"author":1,"featured_media":0,"parent":0,"menu_order":0,"comment_status":"closed","ping_status":"closed","template":"","meta":{"content-type":"","om_disable_all_campaigns":false,"_monsterinsights_skip_tracking":false,"_monsterinsights_sitenote_active":false,"_monsterinsights_sitenote_note":"","_monsterinsights_sitenote_category":0,"footnotes":""},"class_list":["post-361","page","type-page","status-publish","hentry"],"aioseo_notices":[],"_links":{"self":[{"href":"https:\/\/make-this.fr\/index.php?rest_route=\/wp\/v2\/pages\/361","targetHints":{"allow":["GET"]}}],"collection":[{"href":"https:\/\/make-this.fr\/index.php?rest_route=\/wp\/v2\/pages"}],"about":[{"href":"https:\/\/make-this.fr\/index.php?rest_route=\/wp\/v2\/types\/page"}],"author":[{"embeddable":true,"href":"https:\/\/make-this.fr\/index.php?rest_route=\/wp\/v2\/users\/1"}],"replies":[{"embeddable":true,"href":"https:\/\/make-this.fr\/index.php?rest_route=%2Fwp%2Fv2%2Fcomments&post=361"}],"version-history":[{"count":27,"href":"https:\/\/make-this.fr\/index.php?rest_route=\/wp\/v2\/pages\/361\/revisions"}],"predecessor-version":[{"id":444,"href":"https:\/\/make-this.fr\/index.php?rest_route=\/wp\/v2\/pages\/361\/revisions\/444"}],"wp:attachment":[{"href":"https:\/\/make-this.fr\/index.php?rest_route=%2Fwp%2Fv2%2Fmedia&parent=361"}],"curies":[{"name":"wp","href":"https:\/\/api.w.org\/{rel}","templated":true}]}}