{"id":498,"date":"2024-01-16T00:38:09","date_gmt":"2024-01-15T23:38:09","guid":{"rendered":"https:\/\/make-this.fr\/?page_id=498"},"modified":"2024-01-16T00:38:10","modified_gmt":"2024-01-15T23:38:10","slug":"nos-reseaux-sociaux","status":"publish","type":"page","link":"https:\/\/make-this.fr\/?page_id=498","title":{"rendered":"Nos R\u00e9seaux sociaux"},"content":{"rendered":"\n<p class=\"has-text-align-center\">\ud83d\ude80 <strong>Bienvenue dans notre monde digital ! <\/strong>\ud83d\udca1<\/p>\n\n\n\n<p>Nous sommes ravis de vous accueillir sur nos r\u00e9seaux sociaux, votre espace d\u00e9di\u00e9 \u00e0 l&rsquo;innovation num\u00e9rique et au marketing digital. \ud83c\udf10\u2728<\/p>\n\n\n\n<p class=\"has-text-align-center\">\ud83d\udd0d <strong>D\u00e9couvrez nos Astuces :<\/strong><\/p>\n\n\n\n<p>Chaque semaine, plongez dans l&rsquo;univers du marketing digital avec nos astuces exclusives ! \ud83d\ude80 Que vous soyez novice ou expert, nous avons des conseils adapt\u00e9s pour booster votre pr\u00e9sence en ligne. \ud83d\udcac<\/p>\n\n\n\n<p class=\"has-text-align-center\">\ud83d\udcc8 <strong>Les Actualit\u00e9s de [Nom de Votre Entreprise] :<\/strong><\/p>\n\n\n\n<p>Restez connect\u00e9s pour \u00eatre les premiers inform\u00e9s de nos derni\u00e8res avanc\u00e9es, projets passionnants et collaborations excitantes. \ud83d\udcf0\u2728<\/p>\n\n\n\n<p class=\"has-text-align-center\">\ud83d\ude80 <strong>Rejoignez la Conversation :<\/strong><\/p>\n\n\n\n<p>N&rsquo;h\u00e9sitez pas \u00e0 partager vos id\u00e9es, poser des questions et \u00e9changer avec notre communaut\u00e9. Votre voix compte ! \ud83d\udcac<\/p>\n\n\n\n<p>\ud83e\udd1dMerci d&rsquo;\u00eatre ici et de faire partie de notre aventure num\u00e9rique. \ud83d\ude80\u2728<\/p>\n\n\n\n<div style=\"height:20px\" aria-hidden=\"true\" class=\"wp-block-spacer\"><\/div>\n\n\n\n<h4 class=\"wp-block-heading has-text-align-center\">Facebook : <\/h4>\n\n\n\n<script src=\"https:\/\/static.elfsight.com\/platform\/platform.js\" data-use-service-core defer><\/script>\n<div class=\"elfsight-app-7c832dff-22bc-4f6b-84d9-b74807dbf5e9\" data-elfsight-app-lazy><\/div>\n\n\n\n<div style=\"height:20px\" aria-hidden=\"true\" class=\"wp-block-spacer\"><\/div>\n\n\n\n<h4 class=\"wp-block-heading has-text-align-center\">Instagram :<\/h4>\n\n\n\n<script src=\"https:\/\/static.elfsight.com\/platform\/platform.js\" data-use-service-core defer><\/script>\n<div class=\"elfsight-app-1cf19d44-6d51-4637-9dff-59a1a2860fc7\" data-elfsight-app-lazy><\/div>\n\n\n\n<div style=\"height:20px\" aria-hidden=\"true\" class=\"wp-block-spacer\"><\/div>\n\n\n\n<div class=\"wp-block-group has-global-padding is-layout-constrained wp-block-group-is-layout-constrained\"><\/div>\n","protected":false},"excerpt":{"rendered":"<p>\ud83d\ude80 Bienvenue dans notre monde digital ! \ud83d\udca1 Nous sommes ravis de vous accueillir sur nos r\u00e9seaux sociaux, votre espace d\u00e9di\u00e9 \u00e0 l&rsquo;innovation num\u00e9rique et au marketing digital. \ud83c\udf10\u2728 \ud83d\udd0d D\u00e9couvrez nos Astuces : Chaque semaine, plongez dans l&rsquo;univers du marketing digital avec nos astuces exclusives ! \ud83d\ude80 Que vous soyez novice ou expert, nous [&hellip;]<\/p>\n","protected":false},"author":1,"featured_media":0,"parent":0,"menu_order":0,"comment_status":"closed","ping_status":"closed","template":"","meta":{"content-type":"","om_disable_all_campaigns":false,"_monsterinsights_skip_tracking":false,"_monsterinsights_sitenote_active":false,"_monsterinsights_sitenote_note":"","_monsterinsights_sitenote_category":0,"footnotes":""},"class_list":["post-498","page","type-page","status-publish","hentry"],"aioseo_notices":[],"_links":{"self":[{"href":"https:\/\/make-this.fr\/index.php?rest_route=\/wp\/v2\/pages\/498","targetHints":{"allow":["GET"]}}],"collection":[{"href":"https:\/\/make-this.fr\/index.php?rest_route=\/wp\/v2\/pages"}],"about":[{"href":"https:\/\/make-this.fr\/index.php?rest_route=\/wp\/v2\/types\/page"}],"author":[{"embeddable":true,"href":"https:\/\/make-this.fr\/index.php?rest_route=\/wp\/v2\/users\/1"}],"replies":[{"embeddable":true,"href":"https:\/\/make-this.fr\/index.php?rest_route=%2Fwp%2Fv2%2Fcomments&post=498"}],"version-history":[{"count":11,"href":"https:\/\/make-this.fr\/index.php?rest_route=\/wp\/v2\/pages\/498\/revisions"}],"predecessor-version":[{"id":729,"href":"https:\/\/make-this.fr\/index.php?rest_route=\/wp\/v2\/pages\/498\/revisions\/729"}],"wp:attachment":[{"href":"https:\/\/make-this.fr\/index.php?rest_route=%2Fwp%2Fv2%2Fmedia&parent=498"}],"curies":[{"name":"wp","href":"https:\/\/api.w.org\/{rel}","templated":true}]}}